{"id":15,"date":"2020-01-29T15:01:34","date_gmt":"2020-01-29T14:01:34","guid":{"rendered":"http:\/\/la-salamandre.ovh\/?page_id=15"},"modified":"2025-10-20T18:03:55","modified_gmt":"2025-10-20T16:03:55","slug":"danse","status":"publish","type":"page","link":"https:\/\/la-salamandre.org\/index.php\/danse\/","title":{"rendered":"Danse"},"content":{"rendered":"\t\t<div data-elementor-type=\"wp-page\" data-elementor-id=\"15\" class=\"elementor elementor-15\">\n\t\t\t\t\t\t<section class=\"elementor-section elementor-top-section elementor-element elementor-element-e341e56 elementor-section-content-middle elementor-section-stretched elementor-section-boxed elementor-section-height-default elementor-section-height-default\" data-id=\"e341e56\" data-element_type=\"section\" data-e-type=\"section\" data-settings=\"{&quot;background_background&quot;:&quot;classic&quot;,&quot;stretch_section&quot;:&quot;section-stretched&quot;}\">\n\t\t\t\t\t\t<div class=\"elementor-container elementor-column-gap-default\">\n\t\t\t\t\t<div class=\"elementor-column elementor-col-100 elementor-top-column elementor-element elementor-element-b467286\" data-id=\"b467286\" data-element_type=\"column\" data-e-type=\"column\">\n\t\t\t<div class=\"elementor-widget-wrap elementor-element-populated\">\n\t\t\t\t\t\t<div class=\"elementor-element elementor-element-644b2a6 elementor-widget elementor-widget-heading\" data-id=\"644b2a6\" data-element_type=\"widget\" data-e-type=\"widget\" data-widget_type=\"heading.default\">\n\t\t\t\t<div class=\"elementor-widget-container\">\n\t\t\t\t\t<h3 class=\"elementor-heading-title elementor-size-default\"><br>R\u00eavez et nous ferons le reste m\u00eame si c'est d'atteindre l'innacesible \u00e9toile.....<\/h3>\t\t\t\t<\/div>\n\t\t\t\t<\/div>\n\t\t\t\t\t<\/div>\n\t\t<\/div>\n\t\t\t\t\t<\/div>\n\t\t<\/section>\n\t\t\t\t<section class=\"elementor-section elementor-top-section elementor-element elementor-element-df2dbe6 elementor-section-height-min-height elementor-section-stretched elementor-section-boxed elementor-section-height-default elementor-section-items-middle\" data-id=\"df2dbe6\" data-element_type=\"section\" data-e-type=\"section\" data-settings=\"{&quot;background_background&quot;:&quot;classic&quot;,&quot;shape_divider_bottom&quot;:&quot;opacity-fan&quot;,&quot;stretch_section&quot;:&quot;section-stretched&quot;}\">\n\t\t\t\t\t\t\t<div class=\"elementor-background-overlay\"><\/div>\n\t\t\t\t\t\t<div class=\"elementor-shape elementor-shape-bottom\" aria-hidden=\"true\" data-negative=\"false\">\n\t\t\t<svg xmlns=\"http:\/\/www.w3.org\/2000\/svg\" viewBox=\"0 0 283.5 19.6\" preserveAspectRatio=\"none\">\n\t<path class=\"elementor-shape-fill\" style=\"opacity:0.33\" d=\"M0 0L0 18.8 141.8 4.1 283.5 18.8 283.5 0z\"\/>\n\t<path class=\"elementor-shape-fill\" style=\"opacity:0.33\" d=\"M0 0L0 12.6 141.8 4 283.5 12.6 283.5 0z\"\/>\n\t<path class=\"elementor-shape-fill\" style=\"opacity:0.33\" d=\"M0 0L0 6.4 141.8 4 283.5 6.4 283.5 0z\"\/>\n\t<path class=\"elementor-shape-fill\" d=\"M0 0L0 1.2 141.8 4 283.5 1.2 283.5 0z\"\/>\n<\/svg>\t\t<\/div>\n\t\t\t\t\t<div class=\"elementor-container elementor-column-gap-default\">\n\t\t\t\t\t<div class=\"elementor-column elementor-col-100 elementor-top-column elementor-element elementor-element-1df5d17\" data-id=\"1df5d17\" data-element_type=\"column\" data-e-type=\"column\">\n\t\t\t<div class=\"elementor-widget-wrap elementor-element-populated\">\n\t\t\t\t\t\t<div class=\"elementor-element elementor-element-b5caa54 elementor-widget elementor-widget-heading\" data-id=\"b5caa54\" data-element_type=\"widget\" data-e-type=\"widget\" data-widget_type=\"heading.default\">\n\t\t\t\t<div class=\"elementor-widget-container\">\n\t\t\t\t\t<h2 class=\"elementor-heading-title elementor-size-default\">La Salamandre Production Diffusion<br><br><i>Claire Didoin - Manager <\/i><\/h2>\t\t\t\t<\/div>\n\t\t\t\t<\/div>\n\t\t\t\t<div class=\"elementor-element elementor-element-97b2cc7 elementor-widget__width-initial elementor-invisible elementor-widget elementor-widget-image\" data-id=\"97b2cc7\" data-element_type=\"widget\" data-e-type=\"widget\" data-settings=\"{&quot;_animation&quot;:&quot;slideInRight&quot;}\" data-widget_type=\"image.default\">\n\t\t\t\t<div class=\"elementor-widget-container\">\n\t\t\t\t\t\t\t\t\t\t\t\t\t\t\t<img decoding=\"async\" width=\"150\" height=\"150\" src=\"https:\/\/la-salamandre.org\/wp-content\/uploads\/2020\/02\/Claire_Didoin_manager-150x150.jpg\" class=\"attachment-thumbnail size-thumbnail wp-image-207\" alt=\"\" \/>\t\t\t\t\t\t\t\t\t\t\t\t\t\t\t<\/div>\n\t\t\t\t<\/div>\n\t\t\t\t\t<\/div>\n\t\t<\/div>\n\t\t\t\t\t<\/div>\n\t\t<\/section>\n\t\t\t\t<section class=\"elementor-section elementor-top-section elementor-element elementor-element-8b23aac elementor-section-stretched elementor-section-boxed elementor-section-height-default elementor-section-height-default\" data-id=\"8b23aac\" data-element_type=\"section\" data-e-type=\"section\" data-settings=\"{&quot;stretch_section&quot;:&quot;section-stretched&quot;}\">\n\t\t\t\t\t\t<div class=\"elementor-container elementor-column-gap-default\">\n\t\t\t\t\t<div class=\"elementor-column elementor-col-100 elementor-top-column elementor-element elementor-element-e90ed43\" data-id=\"e90ed43\" data-element_type=\"column\" data-e-type=\"column\">\n\t\t\t<div class=\"elementor-widget-wrap elementor-element-populated\">\n\t\t\t\t\t\t<div class=\"elementor-element elementor-element-e4eca4a elementor-widget elementor-widget-spacer\" data-id=\"e4eca4a\" data-element_type=\"widget\" data-e-type=\"widget\" data-widget_type=\"spacer.default\">\n\t\t\t\t<div class=\"elementor-widget-container\">\n\t\t\t\t\t\t\t<div class=\"elementor-spacer\">\n\t\t\t<div class=\"elementor-spacer-inner\"><\/div>\n\t\t<\/div>\n\t\t\t\t\t\t<\/div>\n\t\t\t\t<\/div>\n\t\t\t\t<div class=\"elementor-element elementor-element-4b2fdeb elementor-widget elementor-widget-heading\" data-id=\"4b2fdeb\" data-element_type=\"widget\" data-e-type=\"widget\" data-widget_type=\"heading.default\">\n\t\t\t\t<div class=\"elementor-widget-container\">\n\t\t\t\t\t<h2 class=\"elementor-heading-title elementor-size-default\"><h1>\u00c0 L' AFFICHE<\/h1><\/h2>\t\t\t\t<\/div>\n\t\t\t\t<\/div>\n\t\t\t\t<div class=\"elementor-element elementor-element-3c49536 elementor-widget elementor-widget-spacer\" data-id=\"3c49536\" data-element_type=\"widget\" data-e-type=\"widget\" data-widget_type=\"spacer.default\">\n\t\t\t\t<div class=\"elementor-widget-container\">\n\t\t\t\t\t\t\t<div class=\"elementor-spacer\">\n\t\t\t<div class=\"elementor-spacer-inner\"><\/div>\n\t\t<\/div>\n\t\t\t\t\t\t<\/div>\n\t\t\t\t<\/div>\n\t\t\t\t\t<\/div>\n\t\t<\/div>\n\t\t\t\t\t<\/div>\n\t\t<\/section>\n\t\t\t\t<section class=\"elementor-section elementor-top-section elementor-element elementor-element-b975e82 elementor-section-stretched elementor-section-boxed elementor-section-height-default elementor-section-height-default\" data-id=\"b975e82\" data-element_type=\"section\" data-e-type=\"section\" data-settings=\"{&quot;stretch_section&quot;:&quot;section-stretched&quot;}\">\n\t\t\t\t\t\t<div class=\"elementor-container elementor-column-gap-default\">\n\t\t\t\t\t<div class=\"elementor-column elementor-col-33 elementor-top-column elementor-element elementor-element-4df5d42\" data-id=\"4df5d42\" data-element_type=\"column\" data-e-type=\"column\">\n\t\t\t<div class=\"elementor-widget-wrap elementor-element-populated\">\n\t\t\t\t\t\t<div class=\"elementor-element elementor-element-f5b8349 elementor-invisible elementor-widget elementor-widget-image\" data-id=\"f5b8349\" data-element_type=\"widget\" data-e-type=\"widget\" data-settings=\"{&quot;_animation&quot;:&quot;zoomIn&quot;}\" data-widget_type=\"image.default\">\n\t\t\t\t<div class=\"elementor-widget-container\">\n\t\t\t\t\t\t\t\t\t\t\t\t\t\t\t<img fetchpriority=\"high\" decoding=\"async\" width=\"400\" height=\"560\" src=\"https:\/\/la-salamandre.org\/wp-content\/uploads\/2025\/10\/festival-cc-3.png\" class=\"attachment-large size-large wp-image-2801\" alt=\"\" srcset=\"https:\/\/la-salamandre.org\/wp-content\/uploads\/2025\/10\/festival-cc-3.png 400w, https:\/\/la-salamandre.org\/wp-content\/uploads\/2025\/10\/festival-cc-3-214x300.png 214w\" sizes=\"(max-width: 400px) 100vw, 400px\" \/>\t\t\t\t\t\t\t\t\t\t\t\t\t\t\t<\/div>\n\t\t\t\t<\/div>\n\t\t\t\t<div class=\"elementor-element elementor-element-3eed042 elementor-widget elementor-widget-text-editor\" data-id=\"3eed042\" data-element_type=\"widget\" data-e-type=\"widget\" data-widget_type=\"text-editor.default\">\n\t\t\t\t<div class=\"elementor-widget-container\">\n\t\t\t\t\t\t\t\t\t<h3>Festival Cultures Complices<\/h3>\t\t\t\t\t\t\t\t<\/div>\n\t\t\t\t<\/div>\n\t\t\t\t<div class=\"elementor-element elementor-element-7ad32c2 elementor-widget elementor-widget-text-editor\" data-id=\"7ad32c2\" data-element_type=\"widget\" data-e-type=\"widget\" data-widget_type=\"text-editor.default\">\n\t\t\t\t<div class=\"elementor-widget-container\">\n\t\t\t\t\t\t\t\t\t<ul><li><strong>Extrait vid\u00e9o<\/strong><\/li><li><strong>Dossier de presse<\/strong><\/li><li><strong><a href=\"https:\/\/la-salamandre.org\/wp-content\/uploads\/2021\/03\/plan-feux-theatre-la-salamandre_sceno-.pdf\">Fiche Technique<\/a><\/strong><\/li><\/ul>\t\t\t\t\t\t\t\t<\/div>\n\t\t\t\t<\/div>\n\t\t\t\t<div class=\"elementor-element elementor-element-09527de elementor-widget elementor-widget-text-editor\" data-id=\"09527de\" data-element_type=\"widget\" data-e-type=\"widget\" data-widget_type=\"text-editor.default\">\n\t\t\t\t<div class=\"elementor-widget-container\">\n\t\t\t\t\t\t\t\t\t<p>Le Festival Cultures Complices est pr\u00eat \u00e0 pr\u00e9senter sa nouvelle \u00e9dition !<br \/>Ce festival se tient \u00e0 ciel ouvert dans des sites prestigieux ou repr\u00e9sentatifs de votre collectivit\u00e9.<\/p><p>Spectacles, concerts et com\u00e9dies musicales pour le bonheur de tous les publics. C\u2019est un \u00e9v\u00e9nement incontournable de la r\u00e9gion Sud. Sa programmation est soigneusement choisie par Claire Didoin sur tout le territoire national. Le moment festif de l\u2019\u00e9t\u00e9 !<\/p>\t\t\t\t\t\t\t\t<\/div>\n\t\t\t\t<\/div>\n\t\t\t\t\t<\/div>\n\t\t<\/div>\n\t\t\t\t<div class=\"elementor-column elementor-col-33 elementor-top-column elementor-element elementor-element-92cc98c\" data-id=\"92cc98c\" data-element_type=\"column\" data-e-type=\"column\">\n\t\t\t<div class=\"elementor-widget-wrap elementor-element-populated\">\n\t\t\t\t\t\t<div class=\"elementor-element elementor-element-8958a60 elementor-widget elementor-widget-spacer\" data-id=\"8958a60\" data-element_type=\"widget\" data-e-type=\"widget\" data-widget_type=\"spacer.default\">\n\t\t\t\t<div class=\"elementor-widget-container\">\n\t\t\t\t\t\t\t<div class=\"elementor-spacer\">\n\t\t\t<div class=\"elementor-spacer-inner\"><\/div>\n\t\t<\/div>\n\t\t\t\t\t\t<\/div>\n\t\t\t\t<\/div>\n\t\t\t\t<div class=\"elementor-element elementor-element-fc329db elementor-widget elementor-widget-image\" data-id=\"fc329db\" data-element_type=\"widget\" data-e-type=\"widget\" data-widget_type=\"image.default\">\n\t\t\t\t<div class=\"elementor-widget-container\">\n\t\t\t\t\t\t\t\t\t\t\t\t\t\t\t<img decoding=\"async\" width=\"1024\" height=\"581\" src=\"https:\/\/la-salamandre.org\/wp-content\/uploads\/2024\/09\/Logo-La-Salamandre-seule-sof-1024x581.png\" class=\"attachment-large size-large wp-image-2186\" alt=\"\" srcset=\"https:\/\/la-salamandre.org\/wp-content\/uploads\/2024\/09\/Logo-La-Salamandre-seule-sof-1024x581.png 1024w, https:\/\/la-salamandre.org\/wp-content\/uploads\/2024\/09\/Logo-La-Salamandre-seule-sof-300x170.png 300w, https:\/\/la-salamandre.org\/wp-content\/uploads\/2024\/09\/Logo-La-Salamandre-seule-sof-768x436.png 768w, https:\/\/la-salamandre.org\/wp-content\/uploads\/2024\/09\/Logo-La-Salamandre-seule-sof-1536x871.png 1536w, https:\/\/la-salamandre.org\/wp-content\/uploads\/2024\/09\/Logo-La-Salamandre-seule-sof-2048x1162.png 2048w\" sizes=\"(max-width: 1024px) 100vw, 1024px\" \/>\t\t\t\t\t\t\t\t\t\t\t\t\t\t\t<\/div>\n\t\t\t\t<\/div>\n\t\t\t\t\t<\/div>\n\t\t<\/div>\n\t\t\t\t<div class=\"elementor-column elementor-col-33 elementor-top-column elementor-element elementor-element-870a339\" data-id=\"870a339\" data-element_type=\"column\" data-e-type=\"column\">\n\t\t\t<div class=\"elementor-widget-wrap elementor-element-populated\">\n\t\t\t\t\t\t<div class=\"elementor-element elementor-element-dd6308d elementor-invisible elementor-widget elementor-widget-image\" data-id=\"dd6308d\" data-element_type=\"widget\" data-e-type=\"widget\" data-settings=\"{&quot;_animation&quot;:&quot;zoomIn&quot;}\" data-widget_type=\"image.default\">\n\t\t\t\t<div class=\"elementor-widget-container\">\n\t\t\t\t\t\t\t\t\t\t\t\t\t\t\t<img loading=\"lazy\" decoding=\"async\" width=\"320\" height=\"320\" src=\"https:\/\/la-salamandre.org\/wp-content\/uploads\/2021\/01\/claudio-basilio.png\" class=\"attachment-large size-large wp-image-523\" alt=\"\" srcset=\"https:\/\/la-salamandre.org\/wp-content\/uploads\/2021\/01\/claudio-basilio.png 320w, https:\/\/la-salamandre.org\/wp-content\/uploads\/2021\/01\/claudio-basilio-300x300.png 300w, https:\/\/la-salamandre.org\/wp-content\/uploads\/2021\/01\/claudio-basilio-150x150.png 150w\" sizes=\"(max-width: 320px) 100vw, 320px\" \/>\t\t\t\t\t\t\t\t\t\t\t\t\t\t\t<\/div>\n\t\t\t\t<\/div>\n\t\t\t\t<div class=\"elementor-element elementor-element-fc7b4c7 elementor-widget elementor-widget-text-editor\" data-id=\"fc7b4c7\" data-element_type=\"widget\" data-e-type=\"widget\" data-widget_type=\"text-editor.default\">\n\t\t\t\t<div class=\"elementor-widget-container\">\n\t\t\t\t\t\t\t\t\t<h3>Cie Claudio Basilio<\/h3>\t\t\t\t\t\t\t\t<\/div>\n\t\t\t\t<\/div>\n\t\t\t\t<div class=\"elementor-element elementor-element-0ef0ae9 elementor-widget elementor-widget-text-editor\" data-id=\"0ef0ae9\" data-element_type=\"widget\" data-e-type=\"widget\" data-widget_type=\"text-editor.default\">\n\t\t\t\t<div class=\"elementor-widget-container\">\n\t\t\t\t\t\t\t\t\t<ul><li><a href=\"https:\/\/youtu.be\/kyG1U5X3E0w\"><strong>Extrait vid\u00e9o<\/strong><\/a><\/li><li><strong>Dossier de presse<\/strong><\/li><li><strong><a href=\"https:\/\/la-salamandre.org\/wp-content\/uploads\/2021\/03\/plan-feux-theatre-la-salamandre_sceno-.pdf\">Fiche Technique<\/a><\/strong><\/li><\/ul>\t\t\t\t\t\t\t\t<\/div>\n\t\t\t\t<\/div>\n\t\t\t\t<div class=\"elementor-element elementor-element-8fd2062 elementor-widget elementor-widget-text-editor\" data-id=\"8fd2062\" data-element_type=\"widget\" data-e-type=\"widget\" data-widget_type=\"text-editor.default\">\n\t\t\t\t<div class=\"elementor-widget-container\">\n\t\t\t\t\t\t\t\t\t<p data-adtags-visited=\"true\">La curiosit\u00e9 de\u00a0<b>Claudio Basilio<\/b>\u00a0l\u2019am\u00e8ne \u00e0 confronter la Capoeira \u00e0 d\u2019autres techniques, plus acad\u00e9miques, tout en \u00e9clatant leurs codes. Il n\u2019h\u00e9site donc pas \u00e0 s\u2019associer autant avec des artistes venus de diff\u00e9rents horizons, comme le Hip-hop ou le Tango, qu\u2019avec des po\u00e8tes ou des artistes du cirque. Il cr\u00e9e alors en 1996 sa propre compagnie de danse et de capoeira. Le chor\u00e9graphe con\u00e7oit son travail comme une \u0153uvre sans fin.<br \/>Le r\u00e9pertoire de la compagnie aborde, entre autres, des th\u00e8mes tels que la qu\u00eate identitaire, la rencontre avec l\u2019autre, la rencontre avec l\u2019\u00e9tranger et le monde contemporain. Ce principe se retrouve dans de nombreuses pi\u00e8ces, telles que\u00a0<em>L\u2019Invisible Armada<\/em>,\u00a0<em>Noctambule<\/em>,\u00a0<em>Cangaceiros<\/em>,\u00a0<em>Outback la Peau du Sert\u00e3o<\/em>, qui ont connu un vif succ\u00e8s aupr\u00e8s du public. Ces pi\u00e8ces ont \u00e9t\u00e9 repr\u00e9sent\u00e9es notamment sur les sc\u00e8nes nationales de Dunkerque, Malakoff, Orl\u00e9ans et Saint-Denis (La R\u00e9union).<\/p>\t\t\t\t\t\t\t\t<\/div>\n\t\t\t\t<\/div>\n\t\t\t\t\t<\/div>\n\t\t<\/div>\n\t\t\t\t\t<\/div>\n\t\t<\/section>\n\t\t\t\t<section class=\"elementor-section elementor-top-section elementor-element elementor-element-c3356f4 elementor-section-boxed elementor-section-height-default elementor-section-height-default\" data-id=\"c3356f4\" data-element_type=\"section\" data-e-type=\"section\">\n\t\t\t\t\t\t<div class=\"elementor-container elementor-column-gap-default\">\n\t\t\t\t\t<div class=\"elementor-column elementor-col-100 elementor-top-column elementor-element elementor-element-88f3f64\" data-id=\"88f3f64\" data-element_type=\"column\" data-e-type=\"column\">\n\t\t\t<div class=\"elementor-widget-wrap\">\n\t\t\t\t\t\t\t<\/div>\n\t\t<\/div>\n\t\t\t\t\t<\/div>\n\t\t<\/section>\n\t\t\t\t<section class=\"elementor-section elementor-top-section elementor-element elementor-element-5072f02 elementor-section-boxed elementor-section-height-default elementor-section-height-default\" data-id=\"5072f02\" data-element_type=\"section\" data-e-type=\"section\">\n\t\t\t\t\t\t<div class=\"elementor-container elementor-column-gap-default\">\n\t\t\t\t\t<div class=\"elementor-column elementor-col-50 elementor-top-column elementor-element elementor-element-e880d70\" data-id=\"e880d70\" data-element_type=\"column\" data-e-type=\"column\">\n\t\t\t<div class=\"elementor-widget-wrap elementor-element-populated\">\n\t\t\t\t\t\t<div class=\"elementor-element elementor-element-deee83e elementor-widget elementor-widget-image\" data-id=\"deee83e\" data-element_type=\"widget\" data-e-type=\"widget\" data-widget_type=\"image.default\">\n\t\t\t\t<div class=\"elementor-widget-container\">\n\t\t\t\t\t\t\t\t\t\t\t\t\t\t\t<img loading=\"lazy\" decoding=\"async\" width=\"200\" height=\"124\" src=\"https:\/\/la-salamandre.org\/wp-content\/uploads\/2021\/01\/LogoSalamandrEtoile-72.jpg\" class=\"attachment-large size-large wp-image-593\" alt=\"\" \/>\t\t\t\t\t\t\t\t\t\t\t\t\t\t\t<\/div>\n\t\t\t\t<\/div>\n\t\t\t\t<div class=\"elementor-element elementor-element-775ffa5 elementor-widget elementor-widget-text-editor\" data-id=\"775ffa5\" data-element_type=\"widget\" data-e-type=\"widget\" data-widget_type=\"text-editor.default\">\n\t\t\t\t<div class=\"elementor-widget-container\">\n\t\t\t\t\t\t\t\t\t<h5><a href=\"https:\/\/www.youtube.com\/channel\/UCxmVdyCFvy9iWRuTUdMZWOg\/videos\">CHA\u00ceNE YOUTUBE<\/a><\/h5><h5><a href=\"https:\/\/www.youtube.com\/channel\/UCxmVdyCFvy9iWRuTUdMZWOg\/videos\">LA SALAMANDRE \/ L&rsquo;\u00c9TOILE<\/a><\/h5>\t\t\t\t\t\t\t\t<\/div>\n\t\t\t\t<\/div>\n\t\t\t\t\t<\/div>\n\t\t<\/div>\n\t\t\t\t<div class=\"elementor-column elementor-col-50 elementor-top-column elementor-element elementor-element-11cfc83\" data-id=\"11cfc83\" data-element_type=\"column\" data-e-type=\"column\">\n\t\t\t<div class=\"elementor-widget-wrap\">\n\t\t\t\t\t\t\t<\/div>\n\t\t<\/div>\n\t\t\t\t\t<\/div>\n\t\t<\/section>\n\t\t\t\t<\/div>\n\t\t","protected":false},"excerpt":{"rendered":"<p>R\u00eavez et nous ferons le reste m\u00eame si c&rsquo;est d&rsquo;atteindre l&rsquo;innacesible \u00e9toile&#8230;.. La Salamandre Production Diffusion Claire Didoin &#8211; Manager \u00c0 L&rsquo; AFFICHE Festival Cultures Complices Extrait vid\u00e9o Dossier de presse Fiche Technique Le Festival Cultures Complices est pr\u00eat \u00e0 pr\u00e9senter sa nouvelle \u00e9dition !Ce festival se tient \u00e0 ciel ouvert dans des sites prestigieux [&hellip;]<\/p>\n","protected":false},"author":1,"featured_media":0,"parent":0,"menu_order":0,"comment_status":"closed","ping_status":"closed","template":"","meta":{"footnotes":""},"class_list":["post-15","page","type-page","status-publish","hentry"],"jetpack_sharing_enabled":true,"_links":{"self":[{"href":"https:\/\/la-salamandre.org\/index.php\/wp-json\/wp\/v2\/pages\/15","targetHints":{"allow":["GET"]}}],"collection":[{"href":"https:\/\/la-salamandre.org\/index.php\/wp-json\/wp\/v2\/pages"}],"about":[{"href":"https:\/\/la-salamandre.org\/index.php\/wp-json\/wp\/v2\/types\/page"}],"author":[{"embeddable":true,"href":"https:\/\/la-salamandre.org\/index.php\/wp-json\/wp\/v2\/users\/1"}],"replies":[{"embeddable":true,"href":"https:\/\/la-salamandre.org\/index.php\/wp-json\/wp\/v2\/comments?post=15"}],"version-history":[{"count":94,"href":"https:\/\/la-salamandre.org\/index.php\/wp-json\/wp\/v2\/pages\/15\/revisions"}],"predecessor-version":[{"id":2809,"href":"https:\/\/la-salamandre.org\/index.php\/wp-json\/wp\/v2\/pages\/15\/revisions\/2809"}],"wp:attachment":[{"href":"https:\/\/la-salamandre.org\/index.php\/wp-json\/wp\/v2\/media?parent=15"}],"curies":[{"name":"wp","href":"https:\/\/api.w.org\/{rel}","templated":true}]}}