{"id":17,"date":"2020-01-29T15:01:34","date_gmt":"2020-01-29T14:01:34","guid":{"rendered":"http:\/\/la-salamandre.ovh\/?page_id=17"},"modified":"2025-05-22T17:25:05","modified_gmt":"2025-05-22T15:25:05","slug":"animation","status":"publish","type":"page","link":"https:\/\/la-salamandre.org\/index.php\/animation\/","title":{"rendered":"Animation"},"content":{"rendered":"\t\t<div data-elementor-type=\"wp-page\" data-elementor-id=\"17\" class=\"elementor elementor-17\">\n\t\t\t\t\t\t<section class=\"elementor-section elementor-top-section elementor-element elementor-element-6f747c8 elementor-section-content-middle elementor-section-stretched elementor-section-boxed elementor-section-height-default elementor-section-height-default\" data-id=\"6f747c8\" data-element_type=\"section\" data-e-type=\"section\" data-settings=\"{&quot;background_background&quot;:&quot;classic&quot;,&quot;stretch_section&quot;:&quot;section-stretched&quot;}\">\n\t\t\t\t\t\t<div class=\"elementor-container elementor-column-gap-default\">\n\t\t\t\t\t<div class=\"elementor-column elementor-col-100 elementor-top-column elementor-element elementor-element-9fb2c21\" data-id=\"9fb2c21\" data-element_type=\"column\" data-e-type=\"column\">\n\t\t\t<div class=\"elementor-widget-wrap elementor-element-populated\">\n\t\t\t\t\t\t<div class=\"elementor-element elementor-element-ba337e9 elementor-widget elementor-widget-heading\" data-id=\"ba337e9\" data-element_type=\"widget\" data-e-type=\"widget\" data-widget_type=\"heading.default\">\n\t\t\t\t<div class=\"elementor-widget-container\">\n\t\t\t\t\t<h3 class=\"elementor-heading-title elementor-size-default\"><br>R\u00eavez et nous ferons le reste m\u00eame si c'est d'atteindre l'innacesible \u00e9toile.....<\/h3>\t\t\t\t<\/div>\n\t\t\t\t<\/div>\n\t\t\t\t\t<\/div>\n\t\t<\/div>\n\t\t\t\t\t<\/div>\n\t\t<\/section>\n\t\t\t\t<section class=\"elementor-section elementor-top-section elementor-element elementor-element-d03fb69 elementor-section-height-min-height elementor-section-stretched elementor-section-boxed elementor-section-height-default elementor-section-items-middle\" data-id=\"d03fb69\" data-element_type=\"section\" data-e-type=\"section\" data-settings=\"{&quot;background_background&quot;:&quot;classic&quot;,&quot;shape_divider_bottom&quot;:&quot;opacity-fan&quot;,&quot;stretch_section&quot;:&quot;section-stretched&quot;}\">\n\t\t\t\t\t\t\t<div class=\"elementor-background-overlay\"><\/div>\n\t\t\t\t\t\t<div class=\"elementor-shape elementor-shape-bottom\" aria-hidden=\"true\" data-negative=\"false\">\n\t\t\t<svg xmlns=\"http:\/\/www.w3.org\/2000\/svg\" viewBox=\"0 0 283.5 19.6\" preserveAspectRatio=\"none\">\n\t<path class=\"elementor-shape-fill\" style=\"opacity:0.33\" d=\"M0 0L0 18.8 141.8 4.1 283.5 18.8 283.5 0z\"\/>\n\t<path class=\"elementor-shape-fill\" style=\"opacity:0.33\" d=\"M0 0L0 12.6 141.8 4 283.5 12.6 283.5 0z\"\/>\n\t<path class=\"elementor-shape-fill\" style=\"opacity:0.33\" d=\"M0 0L0 6.4 141.8 4 283.5 6.4 283.5 0z\"\/>\n\t<path class=\"elementor-shape-fill\" d=\"M0 0L0 1.2 141.8 4 283.5 1.2 283.5 0z\"\/>\n<\/svg>\t\t<\/div>\n\t\t\t\t\t<div class=\"elementor-container elementor-column-gap-default\">\n\t\t\t\t\t<div class=\"elementor-column elementor-col-100 elementor-top-column elementor-element elementor-element-5650239\" data-id=\"5650239\" data-element_type=\"column\" data-e-type=\"column\">\n\t\t\t<div class=\"elementor-widget-wrap elementor-element-populated\">\n\t\t\t\t\t\t<div class=\"elementor-element elementor-element-4f66604 elementor-widget elementor-widget-heading\" data-id=\"4f66604\" data-element_type=\"widget\" data-e-type=\"widget\" data-widget_type=\"heading.default\">\n\t\t\t\t<div class=\"elementor-widget-container\">\n\t\t\t\t\t<h2 class=\"elementor-heading-title elementor-size-default\">La Salamandre Production Diffusion<br><br><i>Claire Didoin - Manager <\/i><\/h2>\t\t\t\t<\/div>\n\t\t\t\t<\/div>\n\t\t\t\t<div class=\"elementor-element elementor-element-aa80a56 elementor-widget__width-initial elementor-invisible elementor-widget elementor-widget-image\" data-id=\"aa80a56\" data-element_type=\"widget\" data-e-type=\"widget\" data-settings=\"{&quot;_animation&quot;:&quot;slideInRight&quot;}\" data-widget_type=\"image.default\">\n\t\t\t\t<div class=\"elementor-widget-container\">\n\t\t\t\t\t\t\t\t\t\t\t\t\t\t\t<img decoding=\"async\" width=\"150\" height=\"150\" src=\"https:\/\/la-salamandre.org\/wp-content\/uploads\/2020\/02\/Claire_Didoin_manager-150x150.jpg\" class=\"attachment-thumbnail size-thumbnail wp-image-207\" alt=\"\" \/>\t\t\t\t\t\t\t\t\t\t\t\t\t\t\t<\/div>\n\t\t\t\t<\/div>\n\t\t\t\t\t<\/div>\n\t\t<\/div>\n\t\t\t\t\t<\/div>\n\t\t<\/section>\n\t\t\t\t<section class=\"elementor-section elementor-top-section elementor-element elementor-element-680f36a elementor-section-stretched elementor-section-boxed elementor-section-height-default elementor-section-height-default\" data-id=\"680f36a\" data-element_type=\"section\" data-e-type=\"section\" data-settings=\"{&quot;stretch_section&quot;:&quot;section-stretched&quot;}\">\n\t\t\t\t\t\t<div class=\"elementor-container elementor-column-gap-default\">\n\t\t\t\t\t<div class=\"elementor-column elementor-col-100 elementor-top-column elementor-element elementor-element-f1e032e\" data-id=\"f1e032e\" data-element_type=\"column\" data-e-type=\"column\">\n\t\t\t<div class=\"elementor-widget-wrap elementor-element-populated\">\n\t\t\t\t\t\t<div class=\"elementor-element elementor-element-49831f3 elementor-widget elementor-widget-spacer\" data-id=\"49831f3\" data-element_type=\"widget\" data-e-type=\"widget\" data-widget_type=\"spacer.default\">\n\t\t\t\t<div class=\"elementor-widget-container\">\n\t\t\t\t\t\t\t<div class=\"elementor-spacer\">\n\t\t\t<div class=\"elementor-spacer-inner\"><\/div>\n\t\t<\/div>\n\t\t\t\t\t\t<\/div>\n\t\t\t\t<\/div>\n\t\t\t\t<div class=\"elementor-element elementor-element-ea45d58 elementor-widget elementor-widget-heading\" data-id=\"ea45d58\" data-element_type=\"widget\" data-e-type=\"widget\" data-widget_type=\"heading.default\">\n\t\t\t\t<div class=\"elementor-widget-container\">\n\t\t\t\t\t<h2 class=\"elementor-heading-title elementor-size-default\"><h1 class=\"elementor-heading-title elementor-size-xxl elementor-inline-editing pen\" data-elementor-setting-key=\"title\" data-pen-placeholder=\"\u00c9crivez ici...\" style=\"text-align: center\">\u00c0 L' AFFICHE <\/h1><\/h2>\t\t\t\t<\/div>\n\t\t\t\t<\/div>\n\t\t\t\t<div class=\"elementor-element elementor-element-3ab6114 elementor-widget elementor-widget-spacer\" data-id=\"3ab6114\" data-element_type=\"widget\" data-e-type=\"widget\" data-widget_type=\"spacer.default\">\n\t\t\t\t<div class=\"elementor-widget-container\">\n\t\t\t\t\t\t\t<div class=\"elementor-spacer\">\n\t\t\t<div class=\"elementor-spacer-inner\"><\/div>\n\t\t<\/div>\n\t\t\t\t\t\t<\/div>\n\t\t\t\t<\/div>\n\t\t\t\t\t<\/div>\n\t\t<\/div>\n\t\t\t\t\t<\/div>\n\t\t<\/section>\n\t\t\t\t<section class=\"elementor-section elementor-top-section elementor-element elementor-element-4c319af elementor-section-stretched elementor-section-boxed elementor-section-height-default elementor-section-height-default\" data-id=\"4c319af\" data-element_type=\"section\" data-e-type=\"section\" data-settings=\"{&quot;stretch_section&quot;:&quot;section-stretched&quot;}\">\n\t\t\t\t\t\t<div class=\"elementor-container elementor-column-gap-default\">\n\t\t\t\t\t<div class=\"elementor-column elementor-col-33 elementor-top-column elementor-element elementor-element-974a1e6\" data-id=\"974a1e6\" data-element_type=\"column\" data-e-type=\"column\">\n\t\t\t<div class=\"elementor-widget-wrap elementor-element-populated\">\n\t\t\t\t\t\t<div class=\"elementor-element elementor-element-b7e9b38 elementor-invisible elementor-widget elementor-widget-image\" data-id=\"b7e9b38\" data-element_type=\"widget\" data-e-type=\"widget\" data-settings=\"{&quot;_animation&quot;:&quot;zoomIn&quot;}\" data-widget_type=\"image.default\">\n\t\t\t\t<div class=\"elementor-widget-container\">\n\t\t\t\t\t\t\t\t\t\t\t\t\t\t\t<img fetchpriority=\"high\" decoding=\"async\" width=\"242\" height=\"440\" src=\"https:\/\/la-salamandre.org\/wp-content\/uploads\/2022\/09\/HispanoAmerica-by-Tchanelas.png\" class=\"attachment-large size-large wp-image-1459\" alt=\"\" srcset=\"https:\/\/la-salamandre.org\/wp-content\/uploads\/2022\/09\/HispanoAmerica-by-Tchanelas.png 242w, https:\/\/la-salamandre.org\/wp-content\/uploads\/2022\/09\/HispanoAmerica-by-Tchanelas-165x300.png 165w\" sizes=\"(max-width: 242px) 100vw, 242px\" \/>\t\t\t\t\t\t\t\t\t\t\t\t\t\t\t<\/div>\n\t\t\t\t<\/div>\n\t\t\t\t<div class=\"elementor-element elementor-element-14ec308 elementor-widget elementor-widget-text-editor\" data-id=\"14ec308\" data-element_type=\"widget\" data-e-type=\"widget\" data-widget_type=\"text-editor.default\">\n\t\t\t\t<div class=\"elementor-widget-container\">\n\t\t\t\t\t\t\t\t\t<h3>Tchoune Tchanelas<\/h3>\t\t\t\t\t\t\t\t<\/div>\n\t\t\t\t<\/div>\n\t\t\t\t<div class=\"elementor-element elementor-element-54aa2e4 elementor-widget elementor-widget-text-editor\" data-id=\"54aa2e4\" data-element_type=\"widget\" data-e-type=\"widget\" data-widget_type=\"text-editor.default\">\n\t\t\t\t<div class=\"elementor-widget-container\">\n\t\t\t\t\t\t\t\t\t<ul><li><a href=\"https:\/\/youtu.be\/Yar7TmOYJXg\"><strong>Extrait vid\u00e9o<\/strong><\/a><\/li><li><strong>Dossier de presse<\/strong><\/li><li><strong><a href=\"https:\/\/la-salamandre.org\/wp-content\/uploads\/2021\/03\/plan-feux-theatre-la-salamandre_sceno-.pdf\">Fiche Technique<\/a><\/strong><\/li><\/ul>\t\t\t\t\t\t\t\t<\/div>\n\t\t\t\t<\/div>\n\t\t\t\t<div class=\"elementor-element elementor-element-a85106d elementor-widget elementor-widget-text-editor\" data-id=\"a85106d\" data-element_type=\"widget\" data-e-type=\"widget\" data-widget_type=\"text-editor.default\">\n\t\t\t\t<div class=\"elementor-widget-container\">\n\t\t\t\t\t\t\t\t\t<div>Chanteur flamenco d&rsquo;origine gitane, il est le fondateur du groupe Tchanelas (\u00ab\u00a0Les Fils du Vent\u00a0\u00bb chez Warner), avec lequel il s&rsquo;est produit sur la plupart des grandes sc\u00e8nes europ\u00e9ennes. Son timbre de voix haut perch\u00e9, son \u00e9nergie communicative, sa grande pr\u00e9cision rythmique et ses qualit\u00e9s de compositeur l&rsquo;ont amen\u00e9 \u00e0 collaborer avec nombre d&rsquo;artistes de renomm\u00e9e internationale, tels Manitas de Plata, Alabina, Pascal Impotep (IAM), Yuri Buenaventura&#8230;<\/div><p>Il est le cr\u00e9ateur du spectacle \u00ab\u00a0Chants sacr\u00e9s gitans en\u00a0Provence\u00a0\u00bb, actuellement en tourn\u00e9e europ\u00e9enne.<\/p>\t\t\t\t\t\t\t\t<\/div>\n\t\t\t\t<\/div>\n\t\t\t\t\t<\/div>\n\t\t<\/div>\n\t\t\t\t<div class=\"elementor-column elementor-col-33 elementor-top-column elementor-element elementor-element-003b0bb\" data-id=\"003b0bb\" data-element_type=\"column\" data-e-type=\"column\">\n\t\t\t<div class=\"elementor-widget-wrap elementor-element-populated\">\n\t\t\t\t\t\t<div class=\"elementor-element elementor-element-0803030 elementor-invisible elementor-widget elementor-widget-image\" data-id=\"0803030\" data-element_type=\"widget\" data-e-type=\"widget\" data-settings=\"{&quot;_animation&quot;:&quot;zoomIn&quot;}\" data-widget_type=\"image.default\">\n\t\t\t\t<div class=\"elementor-widget-container\">\n\t\t\t\t\t\t\t\t\t\t\t\t\t\t\t<img decoding=\"async\" width=\"686\" height=\"960\" src=\"https:\/\/la-salamandre.org\/wp-content\/uploads\/2020\/01\/affiche-15x21.jpg\" class=\"attachment-large size-large wp-image-110\" alt=\"\" srcset=\"https:\/\/la-salamandre.org\/wp-content\/uploads\/2020\/01\/affiche-15x21.jpg 686w, https:\/\/la-salamandre.org\/wp-content\/uploads\/2020\/01\/affiche-15x21-214x300.jpg 214w\" sizes=\"(max-width: 686px) 100vw, 686px\" \/>\t\t\t\t\t\t\t\t\t\t\t\t\t\t\t<\/div>\n\t\t\t\t<\/div>\n\t\t\t\t<div class=\"elementor-element elementor-element-7bca587 elementor-widget elementor-widget-text-editor\" data-id=\"7bca587\" data-element_type=\"widget\" data-e-type=\"widget\" data-widget_type=\"text-editor.default\">\n\t\t\t\t<div class=\"elementor-widget-container\">\n\t\t\t\t\t\t\t\t\t<h3>Alan Hoy<\/h3>\t\t\t\t\t\t\t\t<\/div>\n\t\t\t\t<\/div>\n\t\t\t\t<div class=\"elementor-element elementor-element-2f84b82 elementor-widget elementor-widget-text-editor\" data-id=\"2f84b82\" data-element_type=\"widget\" data-e-type=\"widget\" data-widget_type=\"text-editor.default\">\n\t\t\t\t<div class=\"elementor-widget-container\">\n\t\t\t\t\t\t\t\t\t<ul><li><a href=\"https:\/\/youtu.be\/ma2-RYlI2Cc\" target=\"_blank\" rel=\"noopener\"><strong>Extrait vid\u00e9o<\/strong><\/a><\/li><li><strong>Dossier de presse<\/strong><\/li><li><strong><a href=\"https:\/\/la-salamandre.org\/wp-content\/uploads\/2021\/03\/plan-feux-theatre-la-salamandre_sceno-.pdf\">Fiche Techniqu<\/a>e<\/strong><\/li><\/ul>\t\t\t\t\t\t\t\t<\/div>\n\t\t\t\t<\/div>\n\t\t\t\t<div class=\"elementor-element elementor-element-6d9e8ec elementor-widget elementor-widget-text-editor\" data-id=\"6d9e8ec\" data-element_type=\"widget\" data-e-type=\"widget\" data-widget_type=\"text-editor.default\">\n\t\t\t\t<div class=\"elementor-widget-container\">\n\t\t\t\t\t\t\t\t\t<div>Show Dynamite &#8211; Caliente !<br \/>Apr\u00e8s son hit \u00ab\u00a0Angelina\u00a0\u00bb, Alan Hoy (ex Kaoma) nous fait danser sur sa reprise du g\u00e9n\u00e9rique Camping Paradis \u00ab\u00a0Fiesta Boum Boum\u00a0\u00bb qui a connu un franc succ\u00e8s !<\/div>\t\t\t\t\t\t\t\t<\/div>\n\t\t\t\t<\/div>\n\t\t\t\t\t<\/div>\n\t\t<\/div>\n\t\t\t\t<div class=\"elementor-column elementor-col-33 elementor-top-column elementor-element elementor-element-d0e4c48\" data-id=\"d0e4c48\" data-element_type=\"column\" data-e-type=\"column\">\n\t\t\t<div class=\"elementor-widget-wrap elementor-element-populated\">\n\t\t\t\t\t\t<div class=\"elementor-element elementor-element-6ede510 elementor-invisible elementor-widget elementor-widget-image\" data-id=\"6ede510\" data-element_type=\"widget\" data-e-type=\"widget\" data-settings=\"{&quot;_animation&quot;:&quot;zoomIn&quot;}\" data-widget_type=\"image.default\">\n\t\t\t\t<div class=\"elementor-widget-container\">\n\t\t\t\t\t\t\t\t\t\t\t\t\t\t\t<img loading=\"lazy\" decoding=\"async\" width=\"640\" height=\"640\" src=\"https:\/\/la-salamandre.org\/wp-content\/uploads\/2025\/04\/photo1.jpg\" class=\"attachment-large size-large wp-image-2412\" alt=\"\" srcset=\"https:\/\/la-salamandre.org\/wp-content\/uploads\/2025\/04\/photo1.jpg 640w, https:\/\/la-salamandre.org\/wp-content\/uploads\/2025\/04\/photo1-300x300.jpg 300w, https:\/\/la-salamandre.org\/wp-content\/uploads\/2025\/04\/photo1-150x150.jpg 150w\" sizes=\"(max-width: 640px) 100vw, 640px\" \/>\t\t\t\t\t\t\t\t\t\t\t\t\t\t\t<\/div>\n\t\t\t\t<\/div>\n\t\t\t\t<div class=\"elementor-element elementor-element-510e085 elementor-widget elementor-widget-text-editor\" data-id=\"510e085\" data-element_type=\"widget\" data-e-type=\"widget\" data-widget_type=\"text-editor.default\">\n\t\t\t\t<div class=\"elementor-widget-container\">\n\t\t\t\t\t\t\t\t\t<h3>Mambo Latino<\/h3>\t\t\t\t\t\t\t\t<\/div>\n\t\t\t\t<\/div>\n\t\t\t\t<div class=\"elementor-element elementor-element-3be3fe8 elementor-widget elementor-widget-text-editor\" data-id=\"3be3fe8\" data-element_type=\"widget\" data-e-type=\"widget\" data-widget_type=\"text-editor.default\">\n\t\t\t\t<div class=\"elementor-widget-container\">\n\t\t\t\t\t\t\t\t\t<ul><li><a href=\"https:\/\/youtu.be\/aa8FrB9phb0\" target=\"_blank\" rel=\"noopener\"><strong>Extrait vid\u00e9o<\/strong><\/a><\/li><li><strong>Dossier de presse<\/strong><\/li><li><strong><a href=\"https:\/\/la-salamandre.org\/wp-content\/uploads\/2021\/03\/plan-feux-theatre-la-salamandre_sceno-.pdf\">Fiche Techniqu<\/a>e<\/strong><\/li><\/ul>\t\t\t\t\t\t\t\t<\/div>\n\t\t\t\t<\/div>\n\t\t\t\t<div class=\"elementor-element elementor-element-e493847 elementor-widget elementor-widget-text-editor\" data-id=\"e493847\" data-element_type=\"widget\" data-e-type=\"widget\" data-widget_type=\"text-editor.default\">\n\t\t\t\t<div class=\"elementor-widget-container\">\n\t\t\t\t\t\t\t\t\t<p>Nouvelle formation compos\u00e9e de musiciens de la sc\u00e8ne r\u00e9gionale de l\u2019Occitanie (Montpellier, N\u00eemes), tous passionn\u00e9s par les rythmes latins et les belles m\u00e9lodies Italiennes.<\/p><p>A travers des arrangements originaux impr\u00e9gn\u00e9s d\u2019influences afro cubaines, ils distillent une musique color\u00e9e, vivace et passionn\u00e9e en revisitant les plus belles chansons telles que Volare, Quando quando, Come prima, Italiano, Donna Riccia, la Zanzarita \u2026<\/p><p>Laissez vous s\u00e9duire et emporter par \u00ab Mambo Italiano \u00bb pour un voyage au coeur de la chanson festive Italienne.<\/p><p>Ce groupe entoure \u00ab\u00a0il signore Pezzella Massimo\u00a0\u00bb, artiste originaire de Napoli (guitare, chant, fl\u00fbte , saxophone) et explore les rythmes de Son, Timba, Salsa, Cha cha, Danzon, Rumba.<\/p><p>Dansons !!!<\/p>\t\t\t\t\t\t\t\t<\/div>\n\t\t\t\t<\/div>\n\t\t\t\t\t<\/div>\n\t\t<\/div>\n\t\t\t\t\t<\/div>\n\t\t<\/section>\n\t\t\t\t<section class=\"elementor-section elementor-top-section elementor-element elementor-element-708dcca elementor-section-boxed elementor-section-height-default elementor-section-height-default\" data-id=\"708dcca\" data-element_type=\"section\" data-e-type=\"section\">\n\t\t\t\t\t\t<div class=\"elementor-container elementor-column-gap-default\">\n\t\t\t\t\t<div class=\"elementor-column elementor-col-50 elementor-top-column elementor-element elementor-element-e1093e4\" data-id=\"e1093e4\" data-element_type=\"column\" data-e-type=\"column\">\n\t\t\t<div class=\"elementor-widget-wrap elementor-element-populated\">\n\t\t\t\t\t\t<div class=\"elementor-element elementor-element-d33ef95 elementor-widget elementor-widget-image\" data-id=\"d33ef95\" data-element_type=\"widget\" data-e-type=\"widget\" data-widget_type=\"image.default\">\n\t\t\t\t<div class=\"elementor-widget-container\">\n\t\t\t\t\t\t\t\t\t\t\t\t\t\t\t<img loading=\"lazy\" decoding=\"async\" width=\"758\" height=\"1024\" src=\"https:\/\/la-salamandre.org\/wp-content\/uploads\/2021\/03\/Aff-mic-mac-IMG_9146-758x1024.jpg\" class=\"attachment-large size-large wp-image-752\" alt=\"\" srcset=\"https:\/\/la-salamandre.org\/wp-content\/uploads\/2021\/03\/Aff-mic-mac-IMG_9146-758x1024.jpg 758w, https:\/\/la-salamandre.org\/wp-content\/uploads\/2021\/03\/Aff-mic-mac-IMG_9146-222x300.jpg 222w, https:\/\/la-salamandre.org\/wp-content\/uploads\/2021\/03\/Aff-mic-mac-IMG_9146-768x1037.jpg 768w, https:\/\/la-salamandre.org\/wp-content\/uploads\/2021\/03\/Aff-mic-mac-IMG_9146.jpg 1049w\" sizes=\"(max-width: 758px) 100vw, 758px\" \/>\t\t\t\t\t\t\t\t\t\t\t\t\t\t\t<\/div>\n\t\t\t\t<\/div>\n\t\t\t\t<div class=\"elementor-element elementor-element-de939be elementor-widget elementor-widget-text-editor\" data-id=\"de939be\" data-element_type=\"widget\" data-e-type=\"widget\" data-widget_type=\"text-editor.default\">\n\t\t\t\t<div class=\"elementor-widget-container\">\n\t\t\t\t\t\t\t\t\t<h3>Mic Mac<\/h3><h4>Ambroise Chevalier et Louis Cardineau<\/h4>\t\t\t\t\t\t\t\t<\/div>\n\t\t\t\t<\/div>\n\t\t\t\t<div class=\"elementor-element elementor-element-768aa83 elementor-widget elementor-widget-text-editor\" data-id=\"768aa83\" data-element_type=\"widget\" data-e-type=\"widget\" data-widget_type=\"text-editor.default\">\n\t\t\t\t<div class=\"elementor-widget-container\">\n\t\t\t\t\t\t\t\t\t<ul><li><a href=\"https:\/\/www.youtube.com\/watch?v=mEo8U06S-So\" target=\"_blank\" rel=\"noopener\"><strong>Extrait vid\u00e9o<\/strong><\/a><\/li><li><strong>Dossier de presse<\/strong><\/li><li><strong><a href=\"https:\/\/la-salamandre.org\/wp-content\/uploads\/2021\/03\/plan-feux-theatre-la-salamandre_sceno-.pdf\" target=\"_blank\" rel=\"noopener\">Fiche Technique<\/a><\/strong><\/li><\/ul>\t\t\t\t\t\t\t\t<\/div>\n\t\t\t\t<\/div>\n\t\t\t\t<div class=\"elementor-element elementor-element-484af27 elementor-widget elementor-widget-text-editor\" data-id=\"484af27\" data-element_type=\"widget\" data-e-type=\"widget\" data-widget_type=\"text-editor.default\">\n\t\t\t\t<div class=\"elementor-widget-container\">\n\t\t\t\t\t\t\t\t\t<p>Mic Mac, c&rsquo;est un hommage \u00e0 un ami parti trop t\u00f4t, une r\u00e9f\u00e9rence \u00e0 une tribu am\u00e9rindienne du Nord, un micmac de styles musicaux diff\u00e9rents&#8230; <br \/>Ambroise Chevalier &#8211; fili\u00e8re classique, conservatoire, \u00e9cole normale, orchestres, etc.\u00a0<\/p><p>et Louis Cardineau &#8211; conservatoire Avignon, IMFP Salon-de-Provence, actuellement professeur de guitare &#8211; apportent chacun leurs r\u00e9f\u00e9rences musicales \u00e0 ce duo atypique de violon et guitare. Ils reprennent \u00e0 leur compte musiques tzigane, celtique, jazz, ainsi que les grandes aires du Septi\u00e8me Art avec l&rsquo;interaction du public.<\/p>\t\t\t\t\t\t\t\t<\/div>\n\t\t\t\t<\/div>\n\t\t\t\t\t<\/div>\n\t\t<\/div>\n\t\t\t\t<div class=\"elementor-column elementor-col-50 elementor-top-column elementor-element elementor-element-2c885af\" data-id=\"2c885af\" data-element_type=\"column\" data-e-type=\"column\">\n\t\t\t<div class=\"elementor-widget-wrap elementor-element-populated\">\n\t\t\t\t\t\t<div class=\"elementor-element elementor-element-8f5e243 elementor-widget elementor-widget-image\" data-id=\"8f5e243\" data-element_type=\"widget\" data-e-type=\"widget\" data-widget_type=\"image.default\">\n\t\t\t\t<div class=\"elementor-widget-container\">\n\t\t\t\t\t\t\t\t\t\t\t\t\t\t\t<img loading=\"lazy\" decoding=\"async\" width=\"200\" height=\"124\" src=\"https:\/\/la-salamandre.org\/wp-content\/uploads\/2021\/01\/LogoSalamandrEtoile-72.jpg\" class=\"attachment-large size-large wp-image-593\" alt=\"\" \/>\t\t\t\t\t\t\t\t\t\t\t\t\t\t\t<\/div>\n\t\t\t\t<\/div>\n\t\t\t\t<div class=\"elementor-element elementor-element-b0b29b5 elementor-widget elementor-widget-text-editor\" data-id=\"b0b29b5\" data-element_type=\"widget\" data-e-type=\"widget\" data-widget_type=\"text-editor.default\">\n\t\t\t\t<div class=\"elementor-widget-container\">\n\t\t\t\t\t\t\t\t\t<h5><a href=\"https:\/\/www.youtube.com\/channel\/UCxmVdyCFvy9iWRuTUdMZWOg\/videos\">CHA\u00ceNE YOUTUBE<\/a><\/h5><h5><a href=\"https:\/\/www.youtube.com\/channel\/UCxmVdyCFvy9iWRuTUdMZWOg\/videos\">LA SALAMANDRE \/ L&rsquo;\u00c9TOILE<\/a><\/h5>\t\t\t\t\t\t\t\t<\/div>\n\t\t\t\t<\/div>\n\t\t\t\t\t<\/div>\n\t\t<\/div>\n\t\t\t\t\t<\/div>\n\t\t<\/section>\n\t\t\t\t<section class=\"elementor-section elementor-top-section elementor-element elementor-element-f79062d elementor-section-boxed elementor-section-height-default elementor-section-height-default\" data-id=\"f79062d\" data-element_type=\"section\" data-e-type=\"section\">\n\t\t\t\t\t\t<div class=\"elementor-container elementor-column-gap-default\">\n\t\t\t\t\t<div class=\"elementor-column elementor-col-100 elementor-top-column elementor-element elementor-element-89b3095\" data-id=\"89b3095\" data-element_type=\"column\" data-e-type=\"column\">\n\t\t\t<div class=\"elementor-widget-wrap\">\n\t\t\t\t\t\t\t<\/div>\n\t\t<\/div>\n\t\t\t\t\t<\/div>\n\t\t<\/section>\n\t\t\t\t<section class=\"elementor-section elementor-top-section elementor-element elementor-element-a4e9b88 elementor-section-boxed elementor-section-height-default elementor-section-height-default\" data-id=\"a4e9b88\" data-element_type=\"section\" data-e-type=\"section\">\n\t\t\t\t\t\t<div class=\"elementor-container elementor-column-gap-default\">\n\t\t\t\t\t<div class=\"elementor-column elementor-col-100 elementor-top-column elementor-element elementor-element-e337a3a\" data-id=\"e337a3a\" data-element_type=\"column\" data-e-type=\"column\">\n\t\t\t<div class=\"elementor-widget-wrap\">\n\t\t\t\t\t\t\t<\/div>\n\t\t<\/div>\n\t\t\t\t\t<\/div>\n\t\t<\/section>\n\t\t\t\t<\/div>\n\t\t","protected":false},"excerpt":{"rendered":"<p>R\u00eavez et nous ferons le reste m\u00eame si c&rsquo;est d&rsquo;atteindre l&rsquo;innacesible \u00e9toile&#8230;.. La Salamandre Production Diffusion Claire Didoin &#8211; Manager \u00c0 L&rsquo; AFFICHE Tchoune Tchanelas Extrait vid\u00e9o Dossier de presse Fiche Technique Chanteur flamenco d&rsquo;origine gitane, il est le fondateur du groupe Tchanelas (\u00ab\u00a0Les Fils du Vent\u00a0\u00bb chez Warner), avec lequel il s&rsquo;est produit sur [&hellip;]<\/p>\n","protected":false},"author":1,"featured_media":0,"parent":0,"menu_order":0,"comment_status":"closed","ping_status":"closed","template":"","meta":{"footnotes":""},"class_list":["post-17","page","type-page","status-publish","hentry"],"jetpack_sharing_enabled":true,"_links":{"self":[{"href":"https:\/\/la-salamandre.org\/index.php\/wp-json\/wp\/v2\/pages\/17","targetHints":{"allow":["GET"]}}],"collection":[{"href":"https:\/\/la-salamandre.org\/index.php\/wp-json\/wp\/v2\/pages"}],"about":[{"href":"https:\/\/la-salamandre.org\/index.php\/wp-json\/wp\/v2\/types\/page"}],"author":[{"embeddable":true,"href":"https:\/\/la-salamandre.org\/index.php\/wp-json\/wp\/v2\/users\/1"}],"replies":[{"embeddable":true,"href":"https:\/\/la-salamandre.org\/index.php\/wp-json\/wp\/v2\/comments?post=17"}],"version-history":[{"count":95,"href":"https:\/\/la-salamandre.org\/index.php\/wp-json\/wp\/v2\/pages\/17\/revisions"}],"predecessor-version":[{"id":2504,"href":"https:\/\/la-salamandre.org\/index.php\/wp-json\/wp\/v2\/pages\/17\/revisions\/2504"}],"wp:attachment":[{"href":"https:\/\/la-salamandre.org\/index.php\/wp-json\/wp\/v2\/media?parent=17"}],"curies":[{"name":"wp","href":"https:\/\/api.w.org\/{rel}","templated":true}]}}