{"id":2097,"date":"2024-05-12T17:40:59","date_gmt":"2024-05-12T15:40:59","guid":{"rendered":"https:\/\/la-salamandre.org\/?page_id=2097"},"modified":"2025-05-13T11:08:20","modified_gmt":"2025-05-13T09:08:20","slug":"festival-davignon-2024","status":"publish","type":"page","link":"https:\/\/la-salamandre.org\/index.php\/festival-davignon-2024\/","title":{"rendered":"Festival d&rsquo;Avignon 2024"},"content":{"rendered":"\t\t<div data-elementor-type=\"wp-page\" data-elementor-id=\"2097\" class=\"elementor elementor-2097\">\n\t\t\t\t\t\t<section class=\"elementor-section elementor-top-section elementor-element elementor-element-945efed elementor-section-stretched elementor-section-boxed elementor-section-height-default elementor-section-height-default\" data-id=\"945efed\" data-element_type=\"section\" data-e-type=\"section\" data-settings=\"{&quot;stretch_section&quot;:&quot;section-stretched&quot;}\">\n\t\t\t\t\t\t<div class=\"elementor-container elementor-column-gap-default\">\n\t\t\t\t\t<div class=\"elementor-column elementor-col-100 elementor-top-column elementor-element elementor-element-cd3f206\" data-id=\"cd3f206\" data-element_type=\"column\" data-e-type=\"column\">\n\t\t\t<div class=\"elementor-widget-wrap elementor-element-populated\">\n\t\t\t\t\t\t<div class=\"elementor-element elementor-element-6baec79 elementor-widget__width-initial elementor-widget elementor-widget-image\" data-id=\"6baec79\" data-element_type=\"widget\" data-e-type=\"widget\" data-widget_type=\"image.default\">\n\t\t\t\t<div class=\"elementor-widget-container\">\n\t\t\t\t\t\t\t\t\t\t\t\t\t\t\t<img fetchpriority=\"high\" decoding=\"async\" width=\"1897\" height=\"646\" src=\"https:\/\/la-salamandre.org\/wp-content\/uploads\/2024\/01\/revez.png\" class=\"attachment-full size-full wp-image-1877\" alt=\"\" srcset=\"https:\/\/la-salamandre.org\/wp-content\/uploads\/2024\/01\/revez.png 1897w, https:\/\/la-salamandre.org\/wp-content\/uploads\/2024\/01\/revez-300x102.png 300w, https:\/\/la-salamandre.org\/wp-content\/uploads\/2024\/01\/revez-1024x349.png 1024w, https:\/\/la-salamandre.org\/wp-content\/uploads\/2024\/01\/revez-768x262.png 768w, https:\/\/la-salamandre.org\/wp-content\/uploads\/2024\/01\/revez-1536x523.png 1536w\" sizes=\"(max-width: 1897px) 100vw, 1897px\" \/>\t\t\t\t\t\t\t\t\t\t\t\t\t\t\t<\/div>\n\t\t\t\t<\/div>\n\t\t\t\t\t<\/div>\n\t\t<\/div>\n\t\t\t\t\t<\/div>\n\t\t<\/section>\n\t\t\t\t<section class=\"elementor-section elementor-top-section elementor-element elementor-element-0e0afd8 elementor-section-stretched elementor-section-boxed elementor-section-height-default elementor-section-height-default\" data-id=\"0e0afd8\" data-element_type=\"section\" data-e-type=\"section\" data-settings=\"{&quot;stretch_section&quot;:&quot;section-stretched&quot;}\">\n\t\t\t\t\t\t<div class=\"elementor-container elementor-column-gap-default\">\n\t\t\t\t\t<div class=\"elementor-column elementor-col-50 elementor-top-column elementor-element elementor-element-7b0fa62\" data-id=\"7b0fa62\" data-element_type=\"column\" data-e-type=\"column\">\n\t\t\t<div class=\"elementor-widget-wrap elementor-element-populated\">\n\t\t\t\t\t\t<div class=\"elementor-element elementor-element-7aa00b2 elementor-widget elementor-widget-text-editor\" data-id=\"7aa00b2\" data-element_type=\"widget\" data-e-type=\"widget\" data-widget_type=\"text-editor.default\">\n\t\t\t\t<div class=\"elementor-widget-container\">\n\t\t\t\t\t\t\t\t\t<h4>\u00a0<\/h4><h4>La 58\u00e8me \u00e9dition du Festival Off Avignon aura lieu du 3 au 21 juillet 2024.<\/h4><h4>Retrouvez ici une s\u00e9lection de spectacles qui y seront pr\u00e9sent\u00e9s par les artistes amis de La Salamandre !<\/h4><p>Site officiel du Off :\u00a0<a href=\"https:\/\/www.festivaloffavignon.com\/\" target=\"_blank\" rel=\"noopener\">https:\/\/www.festivaloffavignon.com\/<\/a><\/p>\t\t\t\t\t\t\t\t<\/div>\n\t\t\t\t<\/div>\n\t\t\t\t\t<\/div>\n\t\t<\/div>\n\t\t\t\t<div class=\"elementor-column elementor-col-50 elementor-top-column elementor-element elementor-element-85e3d5f\" data-id=\"85e3d5f\" data-element_type=\"column\" data-e-type=\"column\">\n\t\t\t<div class=\"elementor-widget-wrap elementor-element-populated\">\n\t\t\t\t\t\t<div class=\"elementor-element elementor-element-4ae0a52 elementor-widget elementor-widget-image\" data-id=\"4ae0a52\" data-element_type=\"widget\" data-e-type=\"widget\" data-widget_type=\"image.default\">\n\t\t\t\t<div class=\"elementor-widget-container\">\n\t\t\t\t\t\t\t\t\t\t\t\t<figure class=\"wp-caption\">\n\t\t\t\t\t\t\t\t\t\t<img decoding=\"async\" width=\"1024\" height=\"396\" src=\"https:\/\/la-salamandre.org\/wp-content\/uploads\/2024\/05\/Festival-off-avignon-2024-1024x396.png\" class=\"attachment-large size-large wp-image-2101\" alt=\"\" srcset=\"https:\/\/la-salamandre.org\/wp-content\/uploads\/2024\/05\/Festival-off-avignon-2024-1024x396.png 1024w, https:\/\/la-salamandre.org\/wp-content\/uploads\/2024\/05\/Festival-off-avignon-2024-300x116.png 300w, https:\/\/la-salamandre.org\/wp-content\/uploads\/2024\/05\/Festival-off-avignon-2024-768x297.png 768w, https:\/\/la-salamandre.org\/wp-content\/uploads\/2024\/05\/Festival-off-avignon-2024-1536x595.png 1536w, https:\/\/la-salamandre.org\/wp-content\/uploads\/2024\/05\/Festival-off-avignon-2024.png 1896w\" sizes=\"(max-width: 1024px) 100vw, 1024px\" \/>\t\t\t\t\t\t\t\t\t\t\t<figcaption class=\"widget-image-caption wp-caption-text\">Affiche officielle de la 58\u00e8me \u00e9dition du festival off avignon<\/figcaption>\n\t\t\t\t\t\t\t\t\t\t<\/figure>\n\t\t\t\t\t\t\t\t\t<\/div>\n\t\t\t\t<\/div>\n\t\t\t\t\t<\/div>\n\t\t<\/div>\n\t\t\t\t\t<\/div>\n\t\t<\/section>\n\t\t\t\t<section class=\"elementor-section elementor-top-section elementor-element elementor-element-a3d083e elementor-section-stretched elementor-section-boxed elementor-section-height-default elementor-section-height-default\" data-id=\"a3d083e\" data-element_type=\"section\" data-e-type=\"section\" data-settings=\"{&quot;stretch_section&quot;:&quot;section-stretched&quot;}\">\n\t\t\t\t\t\t<div class=\"elementor-container elementor-column-gap-default\">\n\t\t\t\t\t<div class=\"elementor-column elementor-col-100 elementor-top-column elementor-element elementor-element-9f44248\" data-id=\"9f44248\" data-element_type=\"column\" data-e-type=\"column\">\n\t\t\t<div class=\"elementor-widget-wrap elementor-element-populated\">\n\t\t\t\t\t\t<section class=\"elementor-section elementor-inner-section elementor-element elementor-element-47bc463 elementor-section-boxed elementor-section-height-default elementor-section-height-default\" data-id=\"47bc463\" data-element_type=\"section\" data-e-type=\"section\">\n\t\t\t\t\t\t<div class=\"elementor-container elementor-column-gap-default\">\n\t\t\t\t\t<div class=\"elementor-column elementor-col-50 elementor-inner-column elementor-element elementor-element-8df960f\" data-id=\"8df960f\" data-element_type=\"column\" data-e-type=\"column\">\n\t\t\t<div class=\"elementor-widget-wrap elementor-element-populated\">\n\t\t\t\t\t\t<div class=\"elementor-element elementor-element-52f2b93 elementor-widget__width-initial elementor-widget elementor-widget-image\" data-id=\"52f2b93\" data-element_type=\"widget\" data-e-type=\"widget\" data-widget_type=\"image.default\">\n\t\t\t\t<div class=\"elementor-widget-container\">\n\t\t\t\t\t\t\t\t\t\t\t\t\t\t\t<img decoding=\"async\" width=\"768\" height=\"1082\" src=\"https:\/\/la-salamandre.org\/wp-content\/uploads\/2024\/05\/AFFICHE-light-FRIDA-et-Dali-A3-Avignon_Affiche_CC-1-768x1082.png\" class=\"attachment-medium_large size-medium_large wp-image-2103\" alt=\"\" srcset=\"https:\/\/la-salamandre.org\/wp-content\/uploads\/2024\/05\/AFFICHE-light-FRIDA-et-Dali-A3-Avignon_Affiche_CC-1-768x1082.png 768w, https:\/\/la-salamandre.org\/wp-content\/uploads\/2024\/05\/AFFICHE-light-FRIDA-et-Dali-A3-Avignon_Affiche_CC-1-213x300.png 213w, https:\/\/la-salamandre.org\/wp-content\/uploads\/2024\/05\/AFFICHE-light-FRIDA-et-Dali-A3-Avignon_Affiche_CC-1-727x1024.png 727w, https:\/\/la-salamandre.org\/wp-content\/uploads\/2024\/05\/AFFICHE-light-FRIDA-et-Dali-A3-Avignon_Affiche_CC-1-1090x1536.png 1090w, https:\/\/la-salamandre.org\/wp-content\/uploads\/2024\/05\/AFFICHE-light-FRIDA-et-Dali-A3-Avignon_Affiche_CC-1-1453x2048.png 1453w\" sizes=\"(max-width: 768px) 100vw, 768px\" \/>\t\t\t\t\t\t\t\t\t\t\t\t\t\t\t<\/div>\n\t\t\t\t<\/div>\n\t\t\t\t\t<\/div>\n\t\t<\/div>\n\t\t\t\t<div class=\"elementor-column elementor-col-50 elementor-inner-column elementor-element elementor-element-3e294d1\" data-id=\"3e294d1\" data-element_type=\"column\" data-e-type=\"column\">\n\t\t\t<div class=\"elementor-widget-wrap elementor-element-populated\">\n\t\t\t\t\t\t<div class=\"elementor-element elementor-element-3583634 elementor-widget elementor-widget-text-editor\" data-id=\"3583634\" data-element_type=\"widget\" data-e-type=\"widget\" data-widget_type=\"text-editor.default\">\n\t\t\t\t<div class=\"elementor-widget-container\">\n\t\t\t\t\t\t\t\t\t<h4>\u00a0<\/h4><h4>Quand Frida rencontre Dali, un duel de peintres !<\/h4><p>Quand son \u00ab Altesse rouge \u00bb Frida Kahlo, D\u00e9esse du Mexique rencontre sa \u00ab Majest\u00e9 catalane \u00bb Salvador Dali, l\u2019alchimie entre Or et Argent ne fait pas bon alliage.<br \/>Dialogue possible, cataclysmique et drolatique \u00e0 souhait entre ces deux artistes qui ont chang\u00e9 notre vision de l\u2019art moderne.<\/p><p><em>Th\u00e9\u00e2tre contemporain<\/em><br \/><em>Un texte de Brigitte Bloch-Tabet<\/em><br \/><em>Mise en sc\u00e8ne par Dominique Fataccioli<\/em><br \/><em>Avec Codrina Pricopoaia et Jean-Baptiste Brucker<\/em><\/p>\t\t\t\t\t\t\t\t<\/div>\n\t\t\t\t<\/div>\n\t\t\t\t\t<\/div>\n\t\t<\/div>\n\t\t\t\t\t<\/div>\n\t\t<\/section>\n\t\t\t\t\t<\/div>\n\t\t<\/div>\n\t\t\t\t\t<\/div>\n\t\t<\/section>\n\t\t\t\t<\/div>\n\t\t","protected":false},"excerpt":{"rendered":"<p>\u00a0 La 58\u00e8me \u00e9dition du Festival Off Avignon aura lieu du 3 au 21 juillet 2024. Retrouvez ici une s\u00e9lection de spectacles qui y seront pr\u00e9sent\u00e9s par les artistes amis de La Salamandre ! Site officiel du Off :\u00a0https:\/\/www.festivaloffavignon.com\/ Affiche officielle de la 58\u00e8me \u00e9dition du festival off avignon \u00a0 Quand Frida rencontre Dali, un [&hellip;]<\/p>\n","protected":false},"author":5,"featured_media":0,"parent":0,"menu_order":0,"comment_status":"closed","ping_status":"closed","template":"","meta":{"footnotes":""},"class_list":["post-2097","page","type-page","status-publish","hentry"],"jetpack_sharing_enabled":true,"_links":{"self":[{"href":"https:\/\/la-salamandre.org\/index.php\/wp-json\/wp\/v2\/pages\/2097","targetHints":{"allow":["GET"]}}],"collection":[{"href":"https:\/\/la-salamandre.org\/index.php\/wp-json\/wp\/v2\/pages"}],"about":[{"href":"https:\/\/la-salamandre.org\/index.php\/wp-json\/wp\/v2\/types\/page"}],"author":[{"embeddable":true,"href":"https:\/\/la-salamandre.org\/index.php\/wp-json\/wp\/v2\/users\/5"}],"replies":[{"embeddable":true,"href":"https:\/\/la-salamandre.org\/index.php\/wp-json\/wp\/v2\/comments?post=2097"}],"version-history":[{"count":12,"href":"https:\/\/la-salamandre.org\/index.php\/wp-json\/wp\/v2\/pages\/2097\/revisions"}],"predecessor-version":[{"id":2454,"href":"https:\/\/la-salamandre.org\/index.php\/wp-json\/wp\/v2\/pages\/2097\/revisions\/2454"}],"wp:attachment":[{"href":"https:\/\/la-salamandre.org\/index.php\/wp-json\/wp\/v2\/media?parent=2097"}],"curies":[{"name":"wp","href":"https:\/\/api.w.org\/{rel}","templated":true}]}}